{"id":229,"date":"2021-12-16T11:00:04","date_gmt":"2021-12-16T08:00:04","guid":{"rendered":"https:\/\/salihonurbasat.com\/it\/?page_id=229"},"modified":"2025-12-18T10:57:10","modified_gmt":"2025-12-18T07:57:10","slug":"chi-siamo","status":"publish","type":"page","link":"https:\/\/salihonurbasat.com\/it\/chi-siamo\/","title":{"rendered":"CHI SIAMO?"},"content":{"rendered":"<div class=\"wpb-content-wrapper\"><p>[vc_row][vc_column][vc_column_text css=&#8221;&#8221;]Salih Onur Basat, nato il 5 giugno 1980 a Mersin, si \u00e8 laureato dalla Facolt\u00e0 di Medicina di Cerrahpa\u015fa, Universit\u00e0 di Istanbul, in &#8220;Medicina in inglese&#8221; nel 2005. Salih Onur Basat, che ha completato la sua specializzazione medica nella Facolt\u00e0 di medicina dell&#8217;Universit\u00e0 di Istanbul &#8220;Dipartimento di chirurgia plastica, ricostruttiva ed estetica&#8221; nel 2011, ha completato il suo obbligo di servizio statale obbligatorio come medico specialista tra il 2012 e il 2014 nell&#8217;ospedale di formazione e ricerca di Okmeydan\u0131, nel reparto di Chirurgia Estetica. Salih Onur Basat, che ha lavorato nel settore pubblico per un po&#8217; di tempo da questa data, ha pubblicato studi accademici in molte importanti riviste e congressi nazionali e internazionali durante questo periodo.<\/p>\n<p>Nel 2009, durante il periodo in cui era un assistente, ha vinto il primo posto al \u201cClinical Assistant Paper Competition\u201d. Ha partecipato e contribuito a tanti congressi nazionali ed internazionali. Salih Onur Basat, che ha l&#8217;accreditamento per la chirurgia plastica, ricostruttiva ed estetica turca (TPRECD) e per la chirurgia plastica, ricostruttiva ed estetica europea (EBOPRAS); \u00c8 un chirurgo con grande esperienza che ha ottenuto un numero elevato di casi in molte operazioni estetiche, in particolare in molte operazioni di modellamento del corpo, estetica del seno ed estetica del viso.<\/p>\n<p><a href=\"https:\/\/www.salihonurbasat.com\/wp-content\/uploads\/2025\/12\/WhatsApp-Image-2025-12-18-at-10.46.39.jpeg\"><img loading=\"lazy\" decoding=\"async\" class=\"aligncenter wp-image-1237 size-medium\" src=\"https:\/\/www.salihonurbasat.com\/wp-content\/uploads\/2025\/12\/WhatsApp-Image-2025-12-18-at-10.46.39-300x208.jpeg\" alt=\"\" width=\"300\" height=\"208\" \/><\/a>[\/vc_column_text][\/vc_column][\/vc_row]<\/p>\n<\/div>","protected":false},"excerpt":{"rendered":"<p>[vc_row][vc_column][vc_column_text css=&#8221;&#8221;]Salih Onur Basat, nato il 5 giugno 1980 a Mersin, si \u00e8 laureato dalla Facolt\u00e0 di Medicina di Cerrahpa\u015fa, Universit\u00e0 di Istanbul, in &#8220;Medicina in inglese&#8221; nel 2005. Salih Onur Basat, che ha completato la sua specializzazione medica nella Facolt\u00e0 di medicina dell&#8217;Universit\u00e0 di Istanbul &#8220;Dipartimento di chirurgia plastica, ricostruttiva ed estetica&#8221; nel 2011, [&hellip;]<\/p>\n","protected":false},"author":1,"featured_media":227,"parent":0,"menu_order":0,"comment_status":"closed","ping_status":"closed","template":"template\/hakkimda.php","meta":{"footnotes":""},"class_list":["post-229","page","type-page","status-publish","has-post-thumbnail","hentry"],"_links":{"self":[{"href":"https:\/\/salihonurbasat.com\/it\/wp-json\/wp\/v2\/pages\/229","targetHints":{"allow":["GET"]}}],"collection":[{"href":"https:\/\/salihonurbasat.com\/it\/wp-json\/wp\/v2\/pages"}],"about":[{"href":"https:\/\/salihonurbasat.com\/it\/wp-json\/wp\/v2\/types\/page"}],"author":[{"embeddable":true,"href":"https:\/\/salihonurbasat.com\/it\/wp-json\/wp\/v2\/users\/1"}],"replies":[{"embeddable":true,"href":"https:\/\/salihonurbasat.com\/it\/wp-json\/wp\/v2\/comments?post=229"}],"version-history":[{"count":9,"href":"https:\/\/salihonurbasat.com\/it\/wp-json\/wp\/v2\/pages\/229\/revisions"}],"predecessor-version":[{"id":1201,"href":"https:\/\/salihonurbasat.com\/it\/wp-json\/wp\/v2\/pages\/229\/revisions\/1201"}],"wp:featuredmedia":[{"embeddable":true,"href":"https:\/\/salihonurbasat.com\/it\/wp-json\/wp\/v2\/media\/227"}],"wp:attachment":[{"href":"https:\/\/salihonurbasat.com\/it\/wp-json\/wp\/v2\/media?parent=229"}],"curies":[{"name":"wp","href":"https:\/\/api.w.org\/{rel}","templated":true}]}}